{"id":17274,"date":"2024-10-21T13:58:44","date_gmt":"2024-10-21T10:58:44","guid":{"rendered":"https:\/\/teatris.lv\/?page_id=17274"},"modified":"2024-10-22T14:22:52","modified_gmt":"2024-10-22T11:22:52","slug":"subtitles","status":"publish","type":"page","link":"https:\/\/teatris.lv\/en\/tickets\/subtitles\/","title":{"rendered":"Subtitles \u2013 Te\u0101tru titri"},"content":{"rendered":"<p>English and Latvian subtitles for performances are available in the app &#8220;Te\u0101tru titri&#8221; on particular dates. Look for performances with the note &#8220;English and Latvian subtitles in app!&#8221; in our <a href=\"https:\/\/teatris.lv\/en\/calendar\"><strong>CALENDAR<\/strong><\/a>.<\/p>\r\n<p>Download the app: <strong><a href=\"https:\/\/play.google.com\/store\/apps\/details?id=io.substreamer.ltds&amp;hl=lv\">Google Play<\/a><\/strong> or <strong><a href=\"https:\/\/apps.apple.com\/lv\/app\/te%C4%81tru-titri\/id1590351727\">App Store<\/a><\/strong><\/p>\r\n\r\n<figure class=\"wp-block-gallery has-nested-images columns-default is-cropped wp-block-gallery-1 is-layout-flex wp-block-gallery-is-layout-flex\">\r\n<figure class=\"wp-block-image size-large is-style-default\"><img decoding=\"async\" loading=\"lazy\" width=\"1807\" height=\"2560\" data-id=\"17276\" class=\"wp-image-17276\" src=\"https:\/\/teatris.lv\/wp-content\/uploads\/2024\/10\/TeatruTitri_WEB-01-01.jpg\" alt=\"\" srcset=\"https:\/\/teatris.lv\/wp-content\/uploads\/2024\/10\/TeatruTitri_WEB-01-01.jpg 1807w, https:\/\/teatris.lv\/wp-content\/uploads\/2024\/10\/TeatruTitri_WEB-01-01-762x1080.jpg 762w, https:\/\/teatris.lv\/wp-content\/uploads\/2024\/10\/TeatruTitri_WEB-01-01-360x510.jpg 360w\" sizes=\"(max-width: 1807px) 100vw, 1807px\" \/><\/figure>\r\n\r\n\r\n\r\n<figure class=\"wp-block-image size-large\"><img decoding=\"async\" loading=\"lazy\" width=\"1807\" height=\"2560\" data-id=\"17260\" class=\"wp-image-17260\" src=\"https:\/\/teatris.lv\/wp-content\/uploads\/2024\/10\/TeatruTitri_WEB-03.jpg\" alt=\"\" srcset=\"https:\/\/teatris.lv\/wp-content\/uploads\/2024\/10\/TeatruTitri_WEB-03.jpg 1807w, https:\/\/teatris.lv\/wp-content\/uploads\/2024\/10\/TeatruTitri_WEB-03-762x1080.jpg 762w, https:\/\/teatris.lv\/wp-content\/uploads\/2024\/10\/TeatruTitri_WEB-03-360x510.jpg 360w\" sizes=\"(max-width: 1807px) 100vw, 1807px\" \/><\/figure>\r\n<\/figure>\r\n","protected":false},"excerpt":{"rendered":"<p>English and Latvian subtitles for performances are available in the app &#8220;Te\u0101tru titri&#8221; on particular dates. Look for performances with [&hellip;]<\/p>\n","protected":false},"author":9,"featured_media":17264,"parent":12373,"menu_order":2,"comment_status":"closed","ping_status":"closed","template":"","meta":{"footnotes":""},"acf":[],"yoast_head":"<!-- This site is optimized with the Yoast SEO plugin v21.1 - https:\/\/yoast.com\/wordpress\/plugins\/seo\/ -->\n<title>Subtitles \u2013 Te\u0101tru titri &mdash; Latvijas Nacion\u0101lais te\u0101tris<\/title>\n<meta name=\"robots\" content=\"index, follow, max-snippet:-1, max-image-preview:large, max-video-preview:-1\" \/>\n<link rel=\"canonical\" href=\"https:\/\/teatris.lv\/en\/tickets\/subtitles\/\" \/>\n<meta property=\"og:locale\" content=\"en_US\" \/>\n<meta property=\"og:type\" content=\"article\" \/>\n<meta property=\"og:title\" content=\"Subtitles \u2013 Te\u0101tru titri &mdash; Latvijas Nacion\u0101lais te\u0101tris\" \/>\n<meta property=\"og:description\" content=\"English and Latvian subtitles for performances are available in the app &#8220;Te\u0101tru titri&#8221; on particular dates. Look for performances with [&hellip;]\" \/>\n<meta property=\"og:url\" content=\"https:\/\/teatris.lv\/en\/tickets\/subtitles\/\" \/>\n<meta property=\"og:site_name\" content=\"Latvijas Nacion\u0101lais te\u0101tris\" \/>\n<meta property=\"article:publisher\" content=\"https:\/\/www.facebook.com\/teatris\" \/>\n<meta property=\"article:modified_time\" content=\"2024-10-22T11:22:52+00:00\" \/>\n<meta property=\"og:image\" content=\"https:\/\/teatris.lv\/wp-content\/uploads\/2024\/10\/Titri_Icon-04.jpg\" \/>\n\t<meta property=\"og:image:width\" content=\"2560\" \/>\n\t<meta property=\"og:image:height\" content=\"1807\" \/>\n\t<meta property=\"og:image:type\" content=\"image\/jpeg\" \/>\n<meta name=\"twitter:card\" content=\"summary_large_image\" \/>\n<meta name=\"twitter:site\" content=\"@teatris\" \/>\n<script type=\"application\/ld+json\" class=\"yoast-schema-graph\">{\"@context\":\"https:\/\/schema.org\",\"@graph\":[{\"@type\":\"WebPage\",\"@id\":\"https:\/\/teatris.lv\/en\/tickets\/subtitles\/\",\"url\":\"https:\/\/teatris.lv\/en\/tickets\/subtitles\/\",\"name\":\"Subtitles \u2013 Te\u0101tru titri &mdash; Latvijas Nacion\u0101lais te\u0101tris\",\"isPartOf\":{\"@id\":\"https:\/\/teatris.lv\/en\/#website\"},\"datePublished\":\"2024-10-21T10:58:44+00:00\",\"dateModified\":\"2024-10-22T11:22:52+00:00\",\"breadcrumb\":{\"@id\":\"https:\/\/teatris.lv\/en\/tickets\/subtitles\/#breadcrumb\"},\"inLanguage\":\"en-US\",\"potentialAction\":[{\"@type\":\"ReadAction\",\"target\":[\"https:\/\/teatris.lv\/en\/tickets\/subtitles\/\"]}]},{\"@type\":\"BreadcrumbList\",\"@id\":\"https:\/\/teatris.lv\/en\/tickets\/subtitles\/#breadcrumb\",\"itemListElement\":[{\"@type\":\"ListItem\",\"position\":1,\"name\":\"Home\",\"item\":\"https:\/\/teatris.lv\/en\/\"},{\"@type\":\"ListItem\",\"position\":2,\"name\":\"Tickets\",\"item\":\"https:\/\/teatris.lv\/en\/tickets\/\"},{\"@type\":\"ListItem\",\"position\":3,\"name\":\"Subtitles \u2013 Te\u0101tru titri\"}]},{\"@type\":\"WebSite\",\"@id\":\"https:\/\/teatris.lv\/en\/#website\",\"url\":\"https:\/\/teatris.lv\/en\/\",\"name\":\"Latvijas Nacion\u0101lais te\u0101tris\",\"description\":\"\",\"publisher\":{\"@id\":\"https:\/\/teatris.lv\/en\/#organization\"},\"potentialAction\":[{\"@type\":\"SearchAction\",\"target\":{\"@type\":\"EntryPoint\",\"urlTemplate\":\"https:\/\/teatris.lv\/en\/?s={search_term_string}\"},\"query-input\":\"required name=search_term_string\"}],\"inLanguage\":\"en-US\"},{\"@type\":\"Organization\",\"@id\":\"https:\/\/teatris.lv\/en\/#organization\",\"name\":\"Latvijas Nacion\u0101lais te\u0101tris\",\"url\":\"https:\/\/teatris.lv\/en\/\",\"logo\":{\"@type\":\"ImageObject\",\"inLanguage\":\"en-US\",\"@id\":\"https:\/\/teatris.lv\/en\/#\/schema\/logo\/image\/\",\"url\":\"http:\/\/teatris.lv\/wp-content\/uploads\/2022\/01\/lnt-logo-og.jpg\",\"contentUrl\":\"http:\/\/teatris.lv\/wp-content\/uploads\/2022\/01\/lnt-logo-og.jpg\",\"width\":880,\"height\":880,\"caption\":\"Latvijas Nacion\u0101lais te\u0101tris\"},\"image\":{\"@id\":\"https:\/\/teatris.lv\/en\/#\/schema\/logo\/image\/\"},\"sameAs\":[\"https:\/\/www.facebook.com\/teatris\",\"https:\/\/twitter.com\/teatris\",\"https:\/\/www.instagram.com\/teatrislv\/\",\"https:\/\/www.youtube.com\/channel\/UCDwyjW4lypWL52YN4fmjT-g\"]}]}<\/script>\n<!-- \/ Yoast SEO plugin. -->","yoast_head_json":{"title":"Subtitles \u2013 Te\u0101tru titri &mdash; Latvijas Nacion\u0101lais te\u0101tris","robots":{"index":"index","follow":"follow","max-snippet":"max-snippet:-1","max-image-preview":"max-image-preview:large","max-video-preview":"max-video-preview:-1"},"canonical":"https:\/\/teatris.lv\/en\/tickets\/subtitles\/","og_locale":"en_US","og_type":"article","og_title":"Subtitles \u2013 Te\u0101tru titri &mdash; Latvijas Nacion\u0101lais te\u0101tris","og_description":"English and Latvian subtitles for performances are available in the app &#8220;Te\u0101tru titri&#8221; on particular dates. Look for performances with [&hellip;]","og_url":"https:\/\/teatris.lv\/en\/tickets\/subtitles\/","og_site_name":"Latvijas Nacion\u0101lais te\u0101tris","article_publisher":"https:\/\/www.facebook.com\/teatris","article_modified_time":"2024-10-22T11:22:52+00:00","og_image":[{"width":2560,"height":1807,"url":"https:\/\/teatris.lv\/wp-content\/uploads\/2024\/10\/Titri_Icon-04.jpg","type":"image\/jpeg"}],"twitter_card":"summary_large_image","twitter_site":"@teatris","schema":{"@context":"https:\/\/schema.org","@graph":[{"@type":"WebPage","@id":"https:\/\/teatris.lv\/en\/tickets\/subtitles\/","url":"https:\/\/teatris.lv\/en\/tickets\/subtitles\/","name":"Subtitles \u2013 Te\u0101tru titri &mdash; Latvijas Nacion\u0101lais te\u0101tris","isPartOf":{"@id":"https:\/\/teatris.lv\/en\/#website"},"datePublished":"2024-10-21T10:58:44+00:00","dateModified":"2024-10-22T11:22:52+00:00","breadcrumb":{"@id":"https:\/\/teatris.lv\/en\/tickets\/subtitles\/#breadcrumb"},"inLanguage":"en-US","potentialAction":[{"@type":"ReadAction","target":["https:\/\/teatris.lv\/en\/tickets\/subtitles\/"]}]},{"@type":"BreadcrumbList","@id":"https:\/\/teatris.lv\/en\/tickets\/subtitles\/#breadcrumb","itemListElement":[{"@type":"ListItem","position":1,"name":"Home","item":"https:\/\/teatris.lv\/en\/"},{"@type":"ListItem","position":2,"name":"Tickets","item":"https:\/\/teatris.lv\/en\/tickets\/"},{"@type":"ListItem","position":3,"name":"Subtitles \u2013 Te\u0101tru titri"}]},{"@type":"WebSite","@id":"https:\/\/teatris.lv\/en\/#website","url":"https:\/\/teatris.lv\/en\/","name":"Latvijas Nacion\u0101lais te\u0101tris","description":"","publisher":{"@id":"https:\/\/teatris.lv\/en\/#organization"},"potentialAction":[{"@type":"SearchAction","target":{"@type":"EntryPoint","urlTemplate":"https:\/\/teatris.lv\/en\/?s={search_term_string}"},"query-input":"required name=search_term_string"}],"inLanguage":"en-US"},{"@type":"Organization","@id":"https:\/\/teatris.lv\/en\/#organization","name":"Latvijas Nacion\u0101lais te\u0101tris","url":"https:\/\/teatris.lv\/en\/","logo":{"@type":"ImageObject","inLanguage":"en-US","@id":"https:\/\/teatris.lv\/en\/#\/schema\/logo\/image\/","url":"http:\/\/teatris.lv\/wp-content\/uploads\/2022\/01\/lnt-logo-og.jpg","contentUrl":"http:\/\/teatris.lv\/wp-content\/uploads\/2022\/01\/lnt-logo-og.jpg","width":880,"height":880,"caption":"Latvijas Nacion\u0101lais te\u0101tris"},"image":{"@id":"https:\/\/teatris.lv\/en\/#\/schema\/logo\/image\/"},"sameAs":["https:\/\/www.facebook.com\/teatris","https:\/\/twitter.com\/teatris","https:\/\/www.instagram.com\/teatrislv\/","https:\/\/www.youtube.com\/channel\/UCDwyjW4lypWL52YN4fmjT-g"]}]}},"_links":{"self":[{"href":"https:\/\/teatris.lv\/en\/wp-json\/wp\/v2\/pages\/17274"}],"collection":[{"href":"https:\/\/teatris.lv\/en\/wp-json\/wp\/v2\/pages"}],"about":[{"href":"https:\/\/teatris.lv\/en\/wp-json\/wp\/v2\/types\/page"}],"author":[{"embeddable":true,"href":"https:\/\/teatris.lv\/en\/wp-json\/wp\/v2\/users\/9"}],"replies":[{"embeddable":true,"href":"https:\/\/teatris.lv\/en\/wp-json\/wp\/v2\/comments?post=17274"}],"version-history":[{"count":7,"href":"https:\/\/teatris.lv\/en\/wp-json\/wp\/v2\/pages\/17274\/revisions"}],"predecessor-version":[{"id":17291,"href":"https:\/\/teatris.lv\/en\/wp-json\/wp\/v2\/pages\/17274\/revisions\/17291"}],"up":[{"embeddable":true,"href":"https:\/\/teatris.lv\/en\/wp-json\/wp\/v2\/pages\/12373"}],"wp:featuredmedia":[{"embeddable":true,"href":"https:\/\/teatris.lv\/en\/wp-json\/wp\/v2\/media\/17264"}],"wp:attachment":[{"href":"https:\/\/teatris.lv\/en\/wp-json\/wp\/v2\/media?parent=17274"}],"curies":[{"name":"wp","href":"https:\/\/api.w.org\/{rel}","templated":true}]}}