{"id":13627,"date":"2022-01-07T14:45:23","date_gmt":"2022-01-07T12:45:23","guid":{"rendered":"https:\/\/teatris.lv\/?page_id=13627"},"modified":"2026-03-24T10:17:11","modified_gmt":"2026-03-24T08:17:11","slug":"theatre","status":"publish","type":"page","link":"https:\/\/teatris.lv\/en\/theatre\/","title":{"rendered":"Theatre"},"content":{"rendered":"<p><b><span data-contrast=\"auto\">About us<\/span><\/b><span data-ccp-props=\"{&quot;201341983&quot;:0,&quot;335559739&quot;:160,&quot;335559740&quot;:259}\">\u00a0<\/span><\/p>\n<p><span data-contrast=\"none\">The Latvian National Theatre is one of the leading professional repertory theaters in Latvia. It is a modern theater that takes great pride in its traditions and 100 years of history. Its eclectic building is an architecture and art monument of national significance, and the place where the Latvian state was born on 18 November 1918.<\/span><span data-ccp-props=\"{&quot;134233117&quot;:false,&quot;134233118&quot;:false,&quot;201341983&quot;:0,&quot;335559738&quot;:0,&quot;335559739&quot;:240,&quot;335559740&quot;:240}\">\u00a0<\/span><\/p>\n<p><span data-contrast=\"none\">The Latvian National Theatre was founded to be a part of the dynamic European culture. Thus, modern interpretation of classic masterpieces is an important aspect of our repertoire policy that allows directors to engage in esthetic exploration and contribute to education.<\/span><span data-ccp-props=\"{&quot;134233117&quot;:false,&quot;134233118&quot;:false,&quot;201341983&quot;:0,&quot;335559738&quot;:120,&quot;335559739&quot;:240,&quot;335559740&quot;:240}\">\u00a0<\/span><\/p>\n<p><span data-contrast=\"none\">As the Latvian National Theatre aims to promote Latvian authors, every season new plays of Latvian playwrights are staged. The theater also organizes a national competition for playwrights.<\/span><span data-ccp-props=\"{&quot;134233117&quot;:false,&quot;134233118&quot;:false,&quot;201341983&quot;:0,&quot;335559738&quot;:120,&quot;335559739&quot;:240,&quot;335559740&quot;:240}\">\u00a0<\/span><\/p>\n<p><span data-contrast=\"none\">The theater has three halls: the Large Hall (683 seats) and two adapted smaller areas: the Actors\u2019 Hall (depending on the performance, 50 to 70 seats), and the New Hall (depending on the performance, 80 to 120 seats).<\/span><span data-ccp-props=\"{&quot;134233117&quot;:false,&quot;134233118&quot;:false,&quot;201341983&quot;:0,&quot;335559738&quot;:120,&quot;335559739&quot;:240,&quot;335559740&quot;:240}\">\u00a0<\/span><\/p>\n<p><span data-contrast=\"none\">In the true spirit of a national theatre, the National Theatre stages plays for all types of spectators to perform its primary function: to offer a diverse repertoire and differentiated pricing policy that allows all societal groups to enjoy the theatre.<\/span><span data-ccp-props=\"{&quot;134233117&quot;:false,&quot;134233118&quot;:false,&quot;201341983&quot;:0,&quot;335559738&quot;:120,&quot;335559739&quot;:240,&quot;335559740&quot;:240}\">\u00a0<\/span><\/p>\n<p><span data-contrast=\"none\">M\u0101ris V\u012btols became the Director of the National Theatre on 24 July 2023.\u00a0<\/span><\/p>\n<hr \/>\n<p><b><span data-contrast=\"auto\">Rules and regulations<\/span><\/b><span data-ccp-props=\"{&quot;201341983&quot;:0,&quot;335559739&quot;:160,&quot;335559740&quot;:259}\">\u00a0<\/span><\/p>\n<p><span data-contrast=\"auto\">Please comply with the Rules and Regulations of the National Theatre to ensure that both you and other spectators can enjoy the performance.<\/span><span data-ccp-props=\"{&quot;201341983&quot;:0,&quot;335559739&quot;:160,&quot;335559740&quot;:259}\">\u00a0<\/span><\/p>\n<p><span data-contrast=\"auto\">The theatre is open one hour before the performances in the Large Hall, the Actors\u2019 Hall, and the New Hall.<\/span><span data-ccp-props=\"{&quot;201341983&quot;:0,&quot;335559739&quot;:160,&quot;335559740&quot;:259}\">\u00a0<\/span><\/p>\n<p><span data-contrast=\"auto\">All spectators should purchase tickets, irrespective of age. For children\u2019s performances, all spectators should purchase tickets. Children younger than 7 are not welcome to evening performances for adults.<\/span><span data-ccp-props=\"{&quot;201341983&quot;:0,&quot;335559739&quot;:160,&quot;335559740&quot;:259}\">\u00a0<\/span><\/p>\n<p><span data-contrast=\"auto\">For wheelchair access, please book the tickets by phone 67006336 or 67006337. If you have a wheelchair, you and your assistant will be offered special seats, as well as a 50% discount for tickets in the Large Hall and the New Hall of the National Theatre.<\/span><span data-ccp-props=\"{&quot;201341983&quot;:0,&quot;335559739&quot;:160,&quot;335559740&quot;:259}\">\u00a0<\/span><\/p>\n<p><span data-contrast=\"auto\">Cloakrooms and free WCs are located in the hallways surrounding each hall and the balconies.<\/span><span data-ccp-props=\"{&quot;201341983&quot;:0,&quot;335559739&quot;:160,&quot;335559740&quot;:259}\">\u00a0<\/span><\/p>\n<p><span data-contrast=\"auto\">No smoking is allowed on the premises of the Latvian National Theatre.<\/span><span data-ccp-props=\"{&quot;201341983&quot;:0,&quot;335559739&quot;:160,&quot;335559740&quot;:259}\">\u00a0<\/span><\/p>\n<p><span data-contrast=\"auto\">Please come on time: after the Final (3<\/span><span data-contrast=\"auto\">rd<\/span><span data-contrast=\"auto\">) Call\/beginning of the performance, NO SPECTATORS WILL BE ALLOWED TO ENTER.<\/span><span data-ccp-props=\"{&quot;201341983&quot;:0,&quot;335559739&quot;:160,&quot;335559740&quot;:259}\">\u00a0<\/span><\/p>\n<p><span data-contrast=\"auto\">Before you enter the hall, SWITCH OFF mobile phones, players and watch signals.<\/span><span data-ccp-props=\"{&quot;201341983&quot;:0,&quot;335559739&quot;:160,&quot;335559740&quot;:259}\">\u00a0<\/span><\/p>\n<p><span data-contrast=\"auto\">Photo cameras, mobile phones and video cameras, as well as sound recording equipment MAY NOT BE used in the hall, unless the administration has granted explicit consent.<\/span><span data-ccp-props=\"{&quot;201341983&quot;:0,&quot;335559739&quot;:160,&quot;335559740&quot;:259}\">\u00a0<\/span><\/p>\n<p><span data-contrast=\"auto\">Please note that photos and videos may be recorded during the performances and events. These photo and video materials will be used for publicity and public awareness needs of the Latvian National Theatre and will be posted on our website or on our social media accounts. By being present during the performance or the event, you confirm that you are aware that you may be captured in visual materials. For more information on the processing of personal data and your rights, please see the \u2018Rules, regulations and privacy\u2019 section of our homepage.<\/span><span data-ccp-props=\"{&quot;201341983&quot;:0,&quot;335559739&quot;:160,&quot;335559740&quot;:259}\">\u00a0<\/span><\/p>\n<p><span data-contrast=\"auto\">Please leave any flowers that you have brought for the actors with the cloakroom attendants on the left side of the parterre, indicating the recipient. They will be delivered directly onto the stage.<\/span><span data-ccp-props=\"{&quot;201341983&quot;:0,&quot;335559739&quot;:160,&quot;335559740&quot;:259}\">\u00a0<\/span><\/p>\n<hr \/>\n<p><strong>Cafe\u00a0<\/strong><\/p>\n<p><span data-contrast=\"auto\">Table bookings<\/span><span data-ccp-props=\"{&quot;201341983&quot;:0,&quot;335559739&quot;:160,&quot;335559740&quot;:259}\">\u00a0<\/span><\/p>\n<p><span data-contrast=\"auto\">\/Minimum order amount: EUR 25\/<\/span><span data-ccp-props=\"{&quot;201341983&quot;:0,&quot;335559739&quot;:160,&quot;335559740&quot;:259}\">\u00a0<\/span><\/p>\n<p><span data-contrast=\"auto\">e-mail: &#x65;&#x76;&#101;l&#x69;&#x6e;&#97;&#64;c&#x61;&#x66;&#101;&#111;p&#x65;&#x72;&#97;&#46;l&#x76;\u00a0<\/span><span data-ccp-props=\"{&quot;201341983&quot;:0,&quot;335559739&quot;:160,&quot;335559740&quot;:259}\">\u00a0<\/span><\/p>\n<p><span data-contrast=\"auto\">tel.: 28382398<\/span><span data-ccp-props=\"{&quot;201341983&quot;:0,&quot;335559739&quot;:160,&quot;335559740&quot;:259}\">\u00a0<\/span><\/p>\n<hr \/>\n<p><b><span data-contrast=\"auto\">Carpark<\/span><\/b><span data-ccp-props=\"{&quot;201341983&quot;:0,&quot;335559739&quot;:160,&quot;335559740&quot;:259}\">\u00a0<\/span><\/p>\n<p><span data-contrast=\"auto\">50% off parking in J\u0113kaba Ark\u0101de!<\/span><span data-ccp-props=\"{&quot;201341983&quot;:0,&quot;335559739&quot;:160,&quot;335559740&quot;:259}\">\u00a0<\/span><\/p>\n<p><img decoding=\"async\" loading=\"lazy\" class=\"alignnone size-full wp-image-13881\" src=\"https:\/\/teatris.lv\/wp-content\/uploads\/2023\/10\/JA_teatris_1192_x_350px_web.png\" alt=\"\" width=\"1192\" height=\"350\" srcset=\"https:\/\/teatris.lv\/wp-content\/uploads\/2023\/10\/JA_teatris_1192_x_350px_web.png 1192w, https:\/\/teatris.lv\/wp-content\/uploads\/2023\/10\/JA_teatris_1192_x_350px_web-360x106.png 360w\" sizes=\"(max-width: 1192px) 100vw, 1192px\" \/><\/p>\n<p><span data-contrast=\"auto\">What? | <\/span>One-off 50% discount for short-term parking at J\u0113kaba Ark\u0101de.<\/p>\n<p><span data-contrast=\"auto\">Where? | <\/span>Carpark at J\u0113kaba Ark\u0101de, Zigfr\u012bda Annas Meierovica bulv\u0101ris 8, R\u012bga<\/p>\n<p><span data-contrast=\"auto\">When? | <\/span>On the day of the performance at the Latvian National Theatre, no earlier than two hours before the performance, if you leave the car park (incl. the time required for paying) before midnight of the same day.<\/p>\n<p><span data-contrast=\"auto\">How? | <\/span><span data-contrast=\"auto\">When you enter, take a parking ticket \u2192 Before you leave, insert the ticket in the parking machine (on the 1<\/span><span data-contrast=\"auto\">st<\/span><span data-contrast=\"auto\"> or 2<\/span><span data-contrast=\"auto\">nd<\/span><span data-contrast=\"auto\"> floor) \u2192 Scan the QR code on the theatre ticket \u2192 Pay with your bank card \u2192 Drive out of the car park within no more than 15\u202fminutes by inserting the paid ticket in the exit terminal before the parking barrier.<\/span><\/p>\n<p><span data-contrast=\"auto\">Please note | <\/span>The 50% discount QR code indicated on a ticket of the Latvian National Theatre can only be used once on the date of the performance (until midnight). If payment is made after midnight, the discount is no longer valid.<\/p>\n<p><span data-contrast=\"auto\">EuroPark 24\/7 Call Centre + 371 67324508 \/ &#x69;&#x6e;&#x66;&#x6f;&#x40;&#x65;&#x75;&#x72;&#x6f;&#x70;&#x61;&#x72;&#x6b;&#x2e;&#x6c;&#x76;<\/span><span data-ccp-props=\"{&quot;201341983&quot;:0,&quot;335559739&quot;:160,&quot;335559740&quot;:259}\">\u00a0<\/span><\/p>\n<p>Example &#8211;<\/p>\n<p><img decoding=\"async\" loading=\"lazy\" class=\"alignnone size-full wp-image-13883\" src=\"https:\/\/teatris.lv\/wp-content\/uploads\/2023\/10\/NacionalaisParaugs_sarkans-01.jpg\" alt=\"\" width=\"2560\" height=\"1154\" srcset=\"https:\/\/teatris.lv\/wp-content\/uploads\/2023\/10\/NacionalaisParaugs_sarkans-01.jpg 2560w, https:\/\/teatris.lv\/wp-content\/uploads\/2023\/10\/NacionalaisParaugs_sarkans-01-2048x923.jpg 2048w, https:\/\/teatris.lv\/wp-content\/uploads\/2023\/10\/NacionalaisParaugs_sarkans-01-360x162.jpg 360w\" sizes=\"(max-width: 2560px) 100vw, 2560px\" \/><\/p>\n<hr \/>\n<p><strong>Contacts\u00a0<\/strong><\/p>\n<p><strong>Board Member\u00a0<\/strong>M\u0101ris V\u012btols | Information <a href=\"tel:67006300\">67006300<\/a> | E-mail: <a href=\"&#x6d;a&#x69;&#108;t&#x6f;&#58;&#x69;&#x6e;f&#x6f;&#64;t&#x65;&#97;&#x74;&#114;i&#x73;&#46;l&#x76;\">&#x69;&#x6e;&#x66;&#111;&#64;&#116;ea&#x74;&#x72;&#x69;&#x73;&#46;&#108;v<\/a><\/p>\n<p><strong>Deputy Director for Repertoire and Artistic Strategy <\/strong>Ieva Struka | E-mail:\u00a0<a href=\"&#109;&#x61;&#105;&#x6c;t&#x6f;:&#105;&#x65;&#118;&#x61;&#46;&#x73;t&#114;&#x75;&#107;&#x61;&#64;&#x74;e&#97;&#x74;&#114;&#x69;s&#x2e;l&#118;\">&#x69;&#101;v&#x61;&#x2e;&#115;t&#x72;&#x75;&#107;a&#x40;&#116;e&#x61;&#x74;&#114;i&#x73;&#x2e;&#108;v<\/a><\/p>\n<p><strong>Director of Artistic Department <\/strong>Ilze T\u0113rauda | E-mail: <a href=\"&#109;&#x61;&#105;&#x6c;&#116;&#x6f;&#58;&#x69;&#108;&#x7a;&#101;&#x2e;t&#x65;r&#x61;u&#x64;a&#x40;t&#x65;a&#116;&#x72;&#105;&#x73;&#46;&#x6c;&#118;\">&#105;&#x6c;z&#x65;&#46;&#116;&#x65;&#114;&#x61;u&#100;&#x61;&#64;&#x74;e&#x61;&#x74;&#114;&#x69;s&#x2e;l&#118;<\/a><\/p>\n<p><strong>Finance Director\u00a0<\/strong>Antra Sp\u0101de |\u00a0<a href=\"tel:29178869\">29178869<\/a> | E-mail: <a href=\"&#x6d;&#x61;&#x69;&#x6c;&#x74;&#x6f;&#x3a;&#x61;&#110;&#116;&#114;&#97;&#46;&#115;&#112;ade&#64;&#x74;&#x65;&#x61;&#x74;&#x72;&#x69;&#x73;&#x2e;&#x6c;&#118;\">&#97;&#x6e;t&#114;&#x61;&#46;&#115;&#x70;a&#100;&#x65;&#64;&#116;&#x65;a&#116;&#x72;i&#115;&#x2e;l&#118;<\/a><\/p>\n<p><strong>Production Director <\/strong>Zane Samoilova | <a href=\"tel:29892010\">29892010<\/a> | E-mail: <a href=\"&#x6d;&#97;&#105;l&#x74;&#x6f;&#58;z&#x61;&#x6e;&#101;&#46;s&#x61;&#109;&#111;i&#x6c;&#x6f;&#118;a&#x40;&#x74;&#101;&#97;t&#x72;&#x69;&#115;&#46;&#x6c;&#x76;\">&#x7a;&#97;&#x6e;&#x65;&#46;&#x73;&#x61;&#109;&#x6f;&#x69;&#108;&#x6f;&#x76;a&#x40;&#x74;e&#x61;&#116;r&#x69;&#115;&#46;&#x6c;&#118;<\/a><\/p>\n<p><strong>Head of Production Department\u00a0<\/strong>Linda Helviga |\u00a0<a href=\"tel:29112538\">29112538<\/a> | E-mail: <a href=\"&#x6d;&#x61;&#x69;&#x6c;&#x74;&#x6f;&#x3a;&#x6c;&#x69;&#x6e;&#x64;&#x61;&#x2e;&#x68;&#x65;&#x6c;&#x76;&#x69;&#x67;&#x61;&#x40;&#x74;&#x65;&#x61;&#x74;&#x72;&#x69;&#x73;&#x2e;&#x6c;&#x76;\">&#108;&#x69;&#110;&#x64;a&#46;&#x68;&#101;&#x6c;v&#x69;g&#97;&#x40;&#116;&#x65;a&#x74;&#x72;&#105;&#x73;&#46;&#x6c;v<\/a><\/p>\n<p><strong>Building Manager\u00a0<\/strong>Elvijs \u017dikars | <a href=\"tel:28300783\">28300783<\/a> | E-mail: <a href=\"m&#97;&#105;&#x6c;&#x74;&#x6f;&#x3a;e&#108;&#118;&#105;&#x6a;&#x73;&#x2e;zi&#107;&#97;&#x72;&#x73;&#x40;te&#97;&#116;&#x72;&#x69;&#x73;&#46;l&#118;\">&#101;&#x6c;&#118;&#x69;&#106;&#x73;&#46;&#x7a;&#105;&#x6b;&#97;&#x72;&#115;&#x40;&#116;&#x65;&#97;&#x74;&#114;&#x69;&#115;&#x2e;&#108;&#x76;<\/a><\/p>\n<p><strong>Public Relations and Communication Specialist <\/strong>Baiba Tilhena | <a href=\"tel:26137090\">26137090<\/a> | E-mail: <a href=\"ma&#105;&#108;&#116;&#x6f;&#x3a;&#x62;&#x61;ib&#97;&#46;&#116;&#x69;&#x6c;&#x68;&#x65;na&#64;&#116;&#101;&#x61;&#x74;&#x72;&#x69;s&#46;&#108;&#118;\">&#98;a&#105;b&#97;&#46;&#x74;i&#x6c;h&#x65;n&#x61;&#64;&#x74;e&#x61;t&#x72;i&#x73;&#46;&#x6c;v<\/a><\/p>\n<hr \/>\n<p><b><span data-contrast=\"auto\">Details<\/span><\/b><span data-ccp-props=\"{&quot;201341983&quot;:0,&quot;335559739&quot;:160,&quot;335559740&quot;:259}\">\u00a0<\/span><\/p>\n<p><strong>VSIA Latvijas Nacion\u0101lais te\u0101tris<\/strong><\/p>\n<p>Kronvalda bulv. 2, R\u012bga,\u00a0LV-1010<\/p>\n<p>Re\u0123. Nr. LV 40003786149<\/p>\n<p>Banka: Swedbank AS<\/p>\n<p>Kods: HABALV22XXX<\/p>\n<p>Konts: LV26HABA0551023406619<\/p>\n<p><span data-contrast=\"auto\">For information, call 67006300 or write to: <\/span><a href=\"&#x6d;a&#x69;&#108;t&#x6f;&#58;&#x69;&#x6e;f&#x6f;&#64;t&#x65;&#97;&#x74;&#114;i&#x73;&#46;l&#x76;\"><span data-contrast=\"none\">&#x69;&#110;&#x66;&#x6f;&#64;&#x74;&#x65;&#97;&#x74;&#x72;&#105;&#x73;&#x2e;l&#x76;<\/span><\/a><span data-ccp-props=\"{&quot;201341983&quot;:0,&quot;335559739&quot;:160,&quot;335559740&quot;:259}\">\u00a0<\/span><\/p>\n","protected":false},"excerpt":{"rendered":"<p>About us\u00a0 The Latvian National Theatre is one of the leading professional repertory theaters in Latvia. It is a modern [&hellip;]<\/p>\n","protected":false},"author":13,"featured_media":0,"parent":0,"menu_order":0,"comment_status":"closed","ping_status":"closed","template":"","meta":{"footnotes":""},"acf":[],"yoast_head":"<!-- This site is optimized with the Yoast SEO plugin v21.1 - https:\/\/yoast.com\/wordpress\/plugins\/seo\/ -->\n<title>Theatre &mdash; Latvijas Nacion\u0101lais te\u0101tris<\/title>\n<meta name=\"robots\" content=\"index, follow, max-snippet:-1, max-image-preview:large, max-video-preview:-1\" \/>\n<link rel=\"canonical\" href=\"https:\/\/teatris.lv\/en\/theatre\/\" \/>\n<meta property=\"og:locale\" content=\"en_US\" \/>\n<meta property=\"og:type\" content=\"article\" \/>\n<meta property=\"og:title\" content=\"Theatre &mdash; Latvijas Nacion\u0101lais te\u0101tris\" \/>\n<meta property=\"og:description\" content=\"About us\u00a0 The Latvian National Theatre is one of the leading professional repertory theaters in Latvia. It is a modern [&hellip;]\" \/>\n<meta property=\"og:url\" content=\"https:\/\/teatris.lv\/en\/theatre\/\" \/>\n<meta property=\"og:site_name\" content=\"Latvijas Nacion\u0101lais te\u0101tris\" \/>\n<meta property=\"article:publisher\" content=\"https:\/\/www.facebook.com\/teatris\" \/>\n<meta property=\"article:modified_time\" content=\"2026-03-24T08:17:11+00:00\" \/>\n<meta property=\"og:image\" content=\"https:\/\/teatris.lv\/wp-content\/uploads\/2023\/10\/JA_teatris_1192_x_350px_web.png\" \/>\n<meta name=\"twitter:card\" content=\"summary_large_image\" \/>\n<meta name=\"twitter:site\" content=\"@teatris\" \/>\n<meta name=\"twitter:label1\" content=\"Est. reading time\" \/>\n\t<meta name=\"twitter:data1\" content=\"4 minutes\" \/>\n<script type=\"application\/ld+json\" class=\"yoast-schema-graph\">{\"@context\":\"https:\/\/schema.org\",\"@graph\":[{\"@type\":\"WebPage\",\"@id\":\"https:\/\/teatris.lv\/en\/theatre\/\",\"url\":\"https:\/\/teatris.lv\/en\/theatre\/\",\"name\":\"Theatre &mdash; Latvijas Nacion\u0101lais te\u0101tris\",\"isPartOf\":{\"@id\":\"https:\/\/teatris.lv\/en\/#website\"},\"datePublished\":\"2022-01-07T12:45:23+00:00\",\"dateModified\":\"2026-03-24T08:17:11+00:00\",\"breadcrumb\":{\"@id\":\"https:\/\/teatris.lv\/en\/theatre\/#breadcrumb\"},\"inLanguage\":\"en-US\",\"potentialAction\":[{\"@type\":\"ReadAction\",\"target\":[\"https:\/\/teatris.lv\/en\/theatre\/\"]}]},{\"@type\":\"BreadcrumbList\",\"@id\":\"https:\/\/teatris.lv\/en\/theatre\/#breadcrumb\",\"itemListElement\":[{\"@type\":\"ListItem\",\"position\":1,\"name\":\"Home\",\"item\":\"https:\/\/teatris.lv\/en\/\"},{\"@type\":\"ListItem\",\"position\":2,\"name\":\"Theatre\"}]},{\"@type\":\"WebSite\",\"@id\":\"https:\/\/teatris.lv\/en\/#website\",\"url\":\"https:\/\/teatris.lv\/en\/\",\"name\":\"Latvijas Nacion\u0101lais te\u0101tris\",\"description\":\"\",\"publisher\":{\"@id\":\"https:\/\/teatris.lv\/en\/#organization\"},\"potentialAction\":[{\"@type\":\"SearchAction\",\"target\":{\"@type\":\"EntryPoint\",\"urlTemplate\":\"https:\/\/teatris.lv\/en\/?s={search_term_string}\"},\"query-input\":\"required name=search_term_string\"}],\"inLanguage\":\"en-US\"},{\"@type\":\"Organization\",\"@id\":\"https:\/\/teatris.lv\/en\/#organization\",\"name\":\"Latvijas Nacion\u0101lais te\u0101tris\",\"url\":\"https:\/\/teatris.lv\/en\/\",\"logo\":{\"@type\":\"ImageObject\",\"inLanguage\":\"en-US\",\"@id\":\"https:\/\/teatris.lv\/en\/#\/schema\/logo\/image\/\",\"url\":\"http:\/\/teatris.lv\/wp-content\/uploads\/2022\/01\/lnt-logo-og.jpg\",\"contentUrl\":\"http:\/\/teatris.lv\/wp-content\/uploads\/2022\/01\/lnt-logo-og.jpg\",\"width\":880,\"height\":880,\"caption\":\"Latvijas Nacion\u0101lais te\u0101tris\"},\"image\":{\"@id\":\"https:\/\/teatris.lv\/en\/#\/schema\/logo\/image\/\"},\"sameAs\":[\"https:\/\/www.facebook.com\/teatris\",\"https:\/\/twitter.com\/teatris\",\"https:\/\/www.instagram.com\/teatrislv\/\",\"https:\/\/www.youtube.com\/channel\/UCDwyjW4lypWL52YN4fmjT-g\"]}]}<\/script>\n<!-- \/ Yoast SEO plugin. -->","yoast_head_json":{"title":"Theatre &mdash; Latvijas Nacion\u0101lais te\u0101tris","robots":{"index":"index","follow":"follow","max-snippet":"max-snippet:-1","max-image-preview":"max-image-preview:large","max-video-preview":"max-video-preview:-1"},"canonical":"https:\/\/teatris.lv\/en\/theatre\/","og_locale":"en_US","og_type":"article","og_title":"Theatre &mdash; Latvijas Nacion\u0101lais te\u0101tris","og_description":"About us\u00a0 The Latvian National Theatre is one of the leading professional repertory theaters in Latvia. It is a modern [&hellip;]","og_url":"https:\/\/teatris.lv\/en\/theatre\/","og_site_name":"Latvijas Nacion\u0101lais te\u0101tris","article_publisher":"https:\/\/www.facebook.com\/teatris","article_modified_time":"2026-03-24T08:17:11+00:00","og_image":[{"url":"https:\/\/teatris.lv\/wp-content\/uploads\/2023\/10\/JA_teatris_1192_x_350px_web.png"}],"twitter_card":"summary_large_image","twitter_site":"@teatris","twitter_misc":{"Est. reading time":"4 minutes"},"schema":{"@context":"https:\/\/schema.org","@graph":[{"@type":"WebPage","@id":"https:\/\/teatris.lv\/en\/theatre\/","url":"https:\/\/teatris.lv\/en\/theatre\/","name":"Theatre &mdash; Latvijas Nacion\u0101lais te\u0101tris","isPartOf":{"@id":"https:\/\/teatris.lv\/en\/#website"},"datePublished":"2022-01-07T12:45:23+00:00","dateModified":"2026-03-24T08:17:11+00:00","breadcrumb":{"@id":"https:\/\/teatris.lv\/en\/theatre\/#breadcrumb"},"inLanguage":"en-US","potentialAction":[{"@type":"ReadAction","target":["https:\/\/teatris.lv\/en\/theatre\/"]}]},{"@type":"BreadcrumbList","@id":"https:\/\/teatris.lv\/en\/theatre\/#breadcrumb","itemListElement":[{"@type":"ListItem","position":1,"name":"Home","item":"https:\/\/teatris.lv\/en\/"},{"@type":"ListItem","position":2,"name":"Theatre"}]},{"@type":"WebSite","@id":"https:\/\/teatris.lv\/en\/#website","url":"https:\/\/teatris.lv\/en\/","name":"Latvijas Nacion\u0101lais te\u0101tris","description":"","publisher":{"@id":"https:\/\/teatris.lv\/en\/#organization"},"potentialAction":[{"@type":"SearchAction","target":{"@type":"EntryPoint","urlTemplate":"https:\/\/teatris.lv\/en\/?s={search_term_string}"},"query-input":"required name=search_term_string"}],"inLanguage":"en-US"},{"@type":"Organization","@id":"https:\/\/teatris.lv\/en\/#organization","name":"Latvijas Nacion\u0101lais te\u0101tris","url":"https:\/\/teatris.lv\/en\/","logo":{"@type":"ImageObject","inLanguage":"en-US","@id":"https:\/\/teatris.lv\/en\/#\/schema\/logo\/image\/","url":"http:\/\/teatris.lv\/wp-content\/uploads\/2022\/01\/lnt-logo-og.jpg","contentUrl":"http:\/\/teatris.lv\/wp-content\/uploads\/2022\/01\/lnt-logo-og.jpg","width":880,"height":880,"caption":"Latvijas Nacion\u0101lais te\u0101tris"},"image":{"@id":"https:\/\/teatris.lv\/en\/#\/schema\/logo\/image\/"},"sameAs":["https:\/\/www.facebook.com\/teatris","https:\/\/twitter.com\/teatris","https:\/\/www.instagram.com\/teatrislv\/","https:\/\/www.youtube.com\/channel\/UCDwyjW4lypWL52YN4fmjT-g"]}]}},"_links":{"self":[{"href":"https:\/\/teatris.lv\/en\/wp-json\/wp\/v2\/pages\/13627"}],"collection":[{"href":"https:\/\/teatris.lv\/en\/wp-json\/wp\/v2\/pages"}],"about":[{"href":"https:\/\/teatris.lv\/en\/wp-json\/wp\/v2\/types\/page"}],"author":[{"embeddable":true,"href":"https:\/\/teatris.lv\/en\/wp-json\/wp\/v2\/users\/13"}],"replies":[{"embeddable":true,"href":"https:\/\/teatris.lv\/en\/wp-json\/wp\/v2\/comments?post=13627"}],"version-history":[{"count":18,"href":"https:\/\/teatris.lv\/en\/wp-json\/wp\/v2\/pages\/13627\/revisions"}],"predecessor-version":[{"id":21661,"href":"https:\/\/teatris.lv\/en\/wp-json\/wp\/v2\/pages\/13627\/revisions\/21661"}],"wp:attachment":[{"href":"https:\/\/teatris.lv\/en\/wp-json\/wp\/v2\/media?parent=13627"}],"curies":[{"name":"wp","href":"https:\/\/api.w.org\/{rel}","templated":true}]}}