{"id":12373,"date":"2022-02-28T16:26:13","date_gmt":"2022-02-28T14:26:13","guid":{"rendered":"https:\/\/teatris.lv\/?page_id=12373"},"modified":"2023-10-02T16:09:26","modified_gmt":"2023-10-02T13:09:26","slug":"tickets","status":"publish","type":"page","link":"https:\/\/teatris.lv\/en\/tickets\/","title":{"rendered":"Tickets"},"content":{"rendered":"<p><strong>Box office hours<\/strong><\/p>\n<p><strong>Mo.-Fr. 10:00-19:00<\/strong><\/p>\n<p><strong>Sa.-Su. 11:00-18:00<\/strong><\/p>\n<p>Please note that tickets are available online 24\/7 at <a href=\"https:\/\/www.bilesuparadize.lv\/en\/\">https:\/\/www.bilesuparadize.lv\/<\/a><\/p>\n<p>A \u2018Bi\u013ce\u0161u Parad\u012bze\u2019 commission fee of 5%+VAT will be charged for ticket purchases at the ticket office of the National Theatre and online.<\/p>\n<p>Address: Kronvalda bulv\u0101ris. 2, R\u012bga, LV-1010<\/p>\n","protected":false},"excerpt":{"rendered":"<p>Box office hours Mo.-Fr. 10:00-19:00 Sa.-Su. 11:00-18:00 Please note that tickets are available online 24\/7 at https:\/\/www.bilesuparadize.lv\/ A \u2018Bi\u013ce\u0161u Parad\u012bze\u2019 [&hellip;]<\/p>\n","protected":false},"author":1,"featured_media":0,"parent":0,"menu_order":0,"comment_status":"closed","ping_status":"closed","template":"","meta":{"footnotes":""},"acf":[],"yoast_head":"<!-- This site is optimized with the Yoast SEO plugin v21.1 - https:\/\/yoast.com\/wordpress\/plugins\/seo\/ -->\n<title>Tickets &mdash; Latvijas Nacion\u0101lais te\u0101tris<\/title>\n<meta name=\"robots\" content=\"index, follow, max-snippet:-1, max-image-preview:large, max-video-preview:-1\" \/>\n<link rel=\"canonical\" href=\"https:\/\/teatris.lv\/en\/tickets\/\" \/>\n<meta property=\"og:locale\" content=\"en_US\" \/>\n<meta property=\"og:type\" content=\"article\" \/>\n<meta property=\"og:title\" content=\"Tickets &mdash; Latvijas Nacion\u0101lais te\u0101tris\" \/>\n<meta property=\"og:description\" content=\"Box office hours Mo.-Fr. 10:00-19:00 Sa.-Su. 11:00-18:00 Please note that tickets are available online 24\/7 at https:\/\/www.bilesuparadize.lv\/ A \u2018Bi\u013ce\u0161u Parad\u012bze\u2019 [&hellip;]\" \/>\n<meta property=\"og:url\" content=\"https:\/\/teatris.lv\/en\/tickets\/\" \/>\n<meta property=\"og:site_name\" content=\"Latvijas Nacion\u0101lais te\u0101tris\" \/>\n<meta property=\"article:publisher\" content=\"https:\/\/www.facebook.com\/teatris\" \/>\n<meta property=\"article:modified_time\" content=\"2023-10-02T13:09:26+00:00\" \/>\n<meta property=\"og:image\" content=\"https:\/\/teatris.lv\/wp-content\/uploads\/2022\/01\/lnt-logo-og.jpg\" \/>\n\t<meta property=\"og:image:width\" content=\"880\" \/>\n\t<meta property=\"og:image:height\" content=\"880\" \/>\n\t<meta property=\"og:image:type\" content=\"image\/jpeg\" \/>\n<meta name=\"twitter:card\" content=\"summary_large_image\" \/>\n<meta name=\"twitter:site\" content=\"@teatris\" \/>\n<script type=\"application\/ld+json\" class=\"yoast-schema-graph\">{\"@context\":\"https:\/\/schema.org\",\"@graph\":[{\"@type\":\"WebPage\",\"@id\":\"https:\/\/teatris.lv\/en\/tickets\/\",\"url\":\"https:\/\/teatris.lv\/en\/tickets\/\",\"name\":\"Tickets &mdash; Latvijas Nacion\u0101lais te\u0101tris\",\"isPartOf\":{\"@id\":\"https:\/\/teatris.lv\/en\/#website\"},\"datePublished\":\"2022-02-28T14:26:13+00:00\",\"dateModified\":\"2023-10-02T13:09:26+00:00\",\"breadcrumb\":{\"@id\":\"https:\/\/teatris.lv\/en\/tickets\/#breadcrumb\"},\"inLanguage\":\"en-US\",\"potentialAction\":[{\"@type\":\"ReadAction\",\"target\":[\"https:\/\/teatris.lv\/en\/tickets\/\"]}]},{\"@type\":\"BreadcrumbList\",\"@id\":\"https:\/\/teatris.lv\/en\/tickets\/#breadcrumb\",\"itemListElement\":[{\"@type\":\"ListItem\",\"position\":1,\"name\":\"Home\",\"item\":\"https:\/\/teatris.lv\/en\/\"},{\"@type\":\"ListItem\",\"position\":2,\"name\":\"Tickets\"}]},{\"@type\":\"WebSite\",\"@id\":\"https:\/\/teatris.lv\/en\/#website\",\"url\":\"https:\/\/teatris.lv\/en\/\",\"name\":\"Latvijas Nacion\u0101lais te\u0101tris\",\"description\":\"\",\"publisher\":{\"@id\":\"https:\/\/teatris.lv\/en\/#organization\"},\"potentialAction\":[{\"@type\":\"SearchAction\",\"target\":{\"@type\":\"EntryPoint\",\"urlTemplate\":\"https:\/\/teatris.lv\/en\/?s={search_term_string}\"},\"query-input\":\"required name=search_term_string\"}],\"inLanguage\":\"en-US\"},{\"@type\":\"Organization\",\"@id\":\"https:\/\/teatris.lv\/en\/#organization\",\"name\":\"Latvijas Nacion\u0101lais te\u0101tris\",\"url\":\"https:\/\/teatris.lv\/en\/\",\"logo\":{\"@type\":\"ImageObject\",\"inLanguage\":\"en-US\",\"@id\":\"https:\/\/teatris.lv\/en\/#\/schema\/logo\/image\/\",\"url\":\"http:\/\/teatris.lv\/wp-content\/uploads\/2022\/01\/lnt-logo-og.jpg\",\"contentUrl\":\"http:\/\/teatris.lv\/wp-content\/uploads\/2022\/01\/lnt-logo-og.jpg\",\"width\":880,\"height\":880,\"caption\":\"Latvijas Nacion\u0101lais te\u0101tris\"},\"image\":{\"@id\":\"https:\/\/teatris.lv\/en\/#\/schema\/logo\/image\/\"},\"sameAs\":[\"https:\/\/www.facebook.com\/teatris\",\"https:\/\/twitter.com\/teatris\",\"https:\/\/www.instagram.com\/teatrislv\/\",\"https:\/\/www.youtube.com\/channel\/UCDwyjW4lypWL52YN4fmjT-g\"]}]}<\/script>\n<!-- \/ Yoast SEO plugin. -->","yoast_head_json":{"title":"Tickets &mdash; Latvijas Nacion\u0101lais te\u0101tris","robots":{"index":"index","follow":"follow","max-snippet":"max-snippet:-1","max-image-preview":"max-image-preview:large","max-video-preview":"max-video-preview:-1"},"canonical":"https:\/\/teatris.lv\/en\/tickets\/","og_locale":"en_US","og_type":"article","og_title":"Tickets &mdash; Latvijas Nacion\u0101lais te\u0101tris","og_description":"Box office hours Mo.-Fr. 10:00-19:00 Sa.-Su. 11:00-18:00 Please note that tickets are available online 24\/7 at https:\/\/www.bilesuparadize.lv\/ A \u2018Bi\u013ce\u0161u Parad\u012bze\u2019 [&hellip;]","og_url":"https:\/\/teatris.lv\/en\/tickets\/","og_site_name":"Latvijas Nacion\u0101lais te\u0101tris","article_publisher":"https:\/\/www.facebook.com\/teatris","article_modified_time":"2023-10-02T13:09:26+00:00","og_image":[{"width":880,"height":880,"url":"https:\/\/teatris.lv\/wp-content\/uploads\/2022\/01\/lnt-logo-og.jpg","type":"image\/jpeg"}],"twitter_card":"summary_large_image","twitter_site":"@teatris","schema":{"@context":"https:\/\/schema.org","@graph":[{"@type":"WebPage","@id":"https:\/\/teatris.lv\/en\/tickets\/","url":"https:\/\/teatris.lv\/en\/tickets\/","name":"Tickets &mdash; Latvijas Nacion\u0101lais te\u0101tris","isPartOf":{"@id":"https:\/\/teatris.lv\/en\/#website"},"datePublished":"2022-02-28T14:26:13+00:00","dateModified":"2023-10-02T13:09:26+00:00","breadcrumb":{"@id":"https:\/\/teatris.lv\/en\/tickets\/#breadcrumb"},"inLanguage":"en-US","potentialAction":[{"@type":"ReadAction","target":["https:\/\/teatris.lv\/en\/tickets\/"]}]},{"@type":"BreadcrumbList","@id":"https:\/\/teatris.lv\/en\/tickets\/#breadcrumb","itemListElement":[{"@type":"ListItem","position":1,"name":"Home","item":"https:\/\/teatris.lv\/en\/"},{"@type":"ListItem","position":2,"name":"Tickets"}]},{"@type":"WebSite","@id":"https:\/\/teatris.lv\/en\/#website","url":"https:\/\/teatris.lv\/en\/","name":"Latvijas Nacion\u0101lais te\u0101tris","description":"","publisher":{"@id":"https:\/\/teatris.lv\/en\/#organization"},"potentialAction":[{"@type":"SearchAction","target":{"@type":"EntryPoint","urlTemplate":"https:\/\/teatris.lv\/en\/?s={search_term_string}"},"query-input":"required name=search_term_string"}],"inLanguage":"en-US"},{"@type":"Organization","@id":"https:\/\/teatris.lv\/en\/#organization","name":"Latvijas Nacion\u0101lais te\u0101tris","url":"https:\/\/teatris.lv\/en\/","logo":{"@type":"ImageObject","inLanguage":"en-US","@id":"https:\/\/teatris.lv\/en\/#\/schema\/logo\/image\/","url":"http:\/\/teatris.lv\/wp-content\/uploads\/2022\/01\/lnt-logo-og.jpg","contentUrl":"http:\/\/teatris.lv\/wp-content\/uploads\/2022\/01\/lnt-logo-og.jpg","width":880,"height":880,"caption":"Latvijas Nacion\u0101lais te\u0101tris"},"image":{"@id":"https:\/\/teatris.lv\/en\/#\/schema\/logo\/image\/"},"sameAs":["https:\/\/www.facebook.com\/teatris","https:\/\/twitter.com\/teatris","https:\/\/www.instagram.com\/teatrislv\/","https:\/\/www.youtube.com\/channel\/UCDwyjW4lypWL52YN4fmjT-g"]}]}},"_links":{"self":[{"href":"https:\/\/teatris.lv\/en\/wp-json\/wp\/v2\/pages\/12373"}],"collection":[{"href":"https:\/\/teatris.lv\/en\/wp-json\/wp\/v2\/pages"}],"about":[{"href":"https:\/\/teatris.lv\/en\/wp-json\/wp\/v2\/types\/page"}],"author":[{"embeddable":true,"href":"https:\/\/teatris.lv\/en\/wp-json\/wp\/v2\/users\/1"}],"replies":[{"embeddable":true,"href":"https:\/\/teatris.lv\/en\/wp-json\/wp\/v2\/comments?post=12373"}],"version-history":[{"count":3,"href":"https:\/\/teatris.lv\/en\/wp-json\/wp\/v2\/pages\/12373\/revisions"}],"predecessor-version":[{"id":13626,"href":"https:\/\/teatris.lv\/en\/wp-json\/wp\/v2\/pages\/12373\/revisions\/13626"}],"wp:attachment":[{"href":"https:\/\/teatris.lv\/en\/wp-json\/wp\/v2\/media?parent=12373"}],"curies":[{"name":"wp","href":"https:\/\/api.w.org\/{rel}","templated":true}]}}